{"id":7605,"date":"2019-01-16T15:14:07","date_gmt":"2019-01-16T15:14:07","guid":{"rendered":"https:\/\/i-ener.eus\/?page_id=7605\/"},"modified":"2025-10-01T07:42:08","modified_gmt":"2025-10-01T07:42:08","slug":"lege-oharrak","status":"publish","type":"page","link":"https:\/\/i-ener.eus\/eu\/lege-oharrak\/","title":{"rendered":"LEGE OHARRAK"},"content":{"rendered":"<p>[vc_row full_width=&#8221;stretch_row&#8221; css=&#8221;.vc_custom_1543935925273{margin-top: 30px !important;margin-bottom: 0px !important;padding-top: 60px !important;padding-bottom: 20px !important;background-color: #222327 !important;}&#8221;][vc_column offset=&#8221;vc_col-lg-offset-1 vc_col-lg-10&#8243;][vc_column_text css_animation=&#8221;fadeInUp&#8221;]<\/p>\n<p class=\"p1\" style=\"text-align: justify;\"><span class=\"s1\">Les pr\u00e9sentes conditions g\u00e9n\u00e9rales d\u2019utilisation (ci-apr\u00e8s d\u00e9nomm\u00e9es les \u00ab CGU \u00bb) s\u2019appliquent au site Internet dont l\u2019adresse url est www.i-ener.eus (ci-apr\u00e8s d\u00e9nomm\u00e9 \u00ab le Site \u00bb), \u00e9dit\u00e9 par la soci\u00e9t\u00e9 I-Ener\u00a0(ci-apr\u00e8s d\u00e9nomm\u00e9e \u00ab I-Ener\u00a0\u00bb). En utilisant ce Site, vous acceptez les CGU de ce Site d\u00e9finies ci\u2013apr\u00e8s. Si vous ne souhaitez pas accepter ces CGU, nous vous demandons de ne pas utiliser ce Site. Toute visite et\/ou utilisation de ce Site doit se faire dans le respect des pr\u00e9sentes CGU.<\/span><\/p>\n<p class=\"p1\" style=\"text-align: justify;\"><span class=\"s1\"><b>OBJET DU SITE<\/b><\/span><\/p>\n<p class=\"p1\" style=\"text-align: justify;\"><span class=\"s1\">I-Ener\u00a0a ouvert ce Site pour l\u2019information personnelle de ses utilisateurs. Le site a \u00e9t\u00e9 \u00e9labor\u00e9 au profit de tous les internautes d\u00e9sireux de mieux conna\u00eetre I-Ener\u00a0ses activit\u00e9s, ses produits et ses services.<\/span><\/p>\n<p class=\"p1\" style=\"text-align: justify;\"><span class=\"s1\"><b>MENTIONS L\u00c9GALES<\/b><\/span><\/p>\n<p class=\"p2\" style=\"text-align: justify;\"><span class=\"s2\"><b>1 Editeur du Site<\/b><\/span><span class=\"s3\"><br \/>\n<\/span><span class=\"s4\">Ce Site est \u00e9dit\u00e9 et vous est propos\u00e9 par la soci\u00e9t\u00e9 I-Ener,\u00a0\u00a0N\u00b0 SIRET\u00a0<\/span><span class=\"s5\">80496106800058<\/span><span class=\"s4\">, GAKO, 11 place du trinquet, 64220 Donibane Garazi<\/span>.<\/p>\n<p class=\"p3\" style=\"text-align: justify;\"><span class=\"s7\">Directeurs de la publication : Ma\u00ebl Rampillon<\/span><span class=\"s1\"><br \/>\n<\/span><span class=\"s7\">Infos Site\/contenu :\u00a0info@i-ener.eus<\/span><\/p>\n<p class=\"p3\" style=\"text-align: justify;\"><span class=\"s7\"><b>2\u00a0Webmaster &amp; Responsable de l\u2019h\u00e9bergement<\/b><\/span><span class=\"s1\"><br \/>\n<a href=\"http:\/\/www.bixoko.com\/\"><span class=\"s8\"><b>Agence de communication BIXOKO<\/b><\/span><\/a><br \/>\n<\/span>5 rue gaztelu Zena 64120 St Palais<br \/>\n05 47 758 000<\/p>\n<p><strong>Espace actionnaire<\/strong><br \/>\n<strong><a href=\"https:\/\/lantoki.fr\/\">Lantoki SaaS<\/a><\/strong><br \/>\nLaurent MARLIN &#8211; Architecte Logiciel<br \/>\n15 boulevard Jean d&#8217;Amou 64100 Bayonne<br \/>\n06 70 04 12 62<\/p>\n<p class=\"p4\" style=\"text-align: justify;\"><span class=\"s9\"><b>3 H\u00e9bergement du Site<\/b><\/span><span class=\"s10\"><br \/>\n<\/span><span class=\"s9\">OVH<\/span><span class=\"s10\"><br \/>\n<\/span>2 rue Kellermann &#8211; 59100 Roubaix &#8211; France<\/p>\n<p class=\"p3\" style=\"text-align: justify;\"><span class=\"s7\"><b>4\u00a0Informations \u2013\u00a0Cr\u00e9dits photos<\/b><\/span><span class=\"s1\"><br \/>\n<\/span><span class=\"s7\">La structure g\u00e9n\u00e9rale, ainsi que les textes, images anim\u00e9es ou non, sons, logos et tout autre \u00e9l\u00e9ment composant ce site sont la propri\u00e9t\u00e9 exclusive de l\u2019exploitant du site. Toute repr\u00e9sentation totale ou partielle de ce site, par quelque proc\u00e9d\u00e9 que ce soit, sans l\u2019autorisation expresse de l\u2019exploitant du site est interdite et constituerait une contrefa\u00e7on sanctionn\u00e9e par les articles L.335-2 et suivants du Code de la propri\u00e9t\u00e9 intellectuelle.<\/span><\/p>\n<p class=\"p1\" style=\"text-align: justify;\"><span class=\"s1\"><b>PROPRI\u00c9T\u00c9 INTELLECTUELLE<\/b><\/span><\/p>\n<p class=\"p3\" style=\"text-align: justify;\"><span class=\"s7\">L\u2019ensemble des \u00e9l\u00e9ments graphiques, images, textes, s\u00e9quences anim\u00e9es sonores ou non, logos, marques, noms de produits, constituant et\/ou repr\u00e9sent\u00e9s sur le Site sont prot\u00e9g\u00e9s par les lois concernant la Propri\u00e9t\u00e9 Intellectuelle et sont, selon les cas, propri\u00e9t\u00e9 de I-Ener\u00a0ou propri\u00e9t\u00e9 de tiers ayant autoris\u00e9 I-Ener\u00a0\u00e0 les repr\u00e9senter sur le Site.<\/span><span class=\"s1\"><br \/>\n<\/span><span class=\"s7\">L\u2019ensemble de ce Site constitue une oeuvre prot\u00e9g\u00e9e par les lois en vigueur sur la Propri\u00e9t\u00e9 Intellectuelle. Aucune reproduction et\/ou repr\u00e9sentation, partielle ou int\u00e9grale, ne pourra en \u00eatre faite sans l\u2019accord pr\u00e9alable et \u00e9crit de I-Ener.<\/span><span class=\"s1\"><br \/>\n<\/span><span class=\"s7\">La d\u00e9nomination, le logo I-Ener, les slogans sont, sauf indication particuli\u00e8re, des marques d\u00e9pos\u00e9es par I-Ener.<\/span><span class=\"s1\"><br \/>\n<\/span><span class=\"s7\">Toute reproduction, utilisation et\/ou modification qui en serait faite sans l\u2019accord pr\u00e9alable et \u00e9crit de I-Ener\u00a0est susceptible d\u2019en constituer la contrefa\u00e7on et d\u2019\u00eatre poursuivie devant les Tribunaux comp\u00e9tents.<\/span><span class=\"s1\"><br \/>\n<\/span><span class=\"s7\">Tout t\u00e9l\u00e9chargement, toute reproduction, repr\u00e9sentation, adaptation, traduction, et\/ou transformation, partielles ou int\u00e9grales, ou transfert sur un autre Site ou sur quelqu\u2019autre support (papier, support num\u00e9rique, film, etc\u2026) sont strictement interdits.<\/span><\/p>\n<p class=\"p1\" style=\"text-align: justify;\"><span class=\"s1\"><b>RESPONSABILIT\u00c9<\/b><\/span><\/p>\n<p class=\"p3\" style=\"text-align: justify;\"><span class=\"s7\"><b>1 Acc\u00e8s, fonctionnement et continuit\u00e9 du Site<\/b><\/span><span class=\"s1\"><br \/>\n<\/span><span class=\"s7\">I-Ener ne peut pas garantir l\u2019acc\u00e8s, le fonctionnement et la continuit\u00e9 du Site de fa\u00e7on ininterrompue et exempte de toute erreur.<\/span><span class=\"s1\"><br \/>\n<\/span><span class=\"s7\">I-Ener n\u2019est tenue que d\u2019une obligation de moyen en ce qui concerne l\u2019acc\u00e8s, le fonctionnement et la continuit\u00e9 du Site. I-Ener ne saurait \u00eatre responsable de tous pr\u00e9judices directs ou indirects r\u00e9sultant de l\u2019utilisation du Site, et ce quelle qu\u2019en soit la cause ; notamment I-Ener ne saurait \u00eatre responsable de l\u2019alt\u00e9ration ou de l\u2019acc\u00e8s frauduleux \u00e0 des donn\u00e9es et\/ou de la transmission accidentelle par le biais de virus.<\/span><span class=\"s1\"><br \/>\n<\/span><span class=\"s7\">De m\u00eame sa responsabilit\u00e9 ne saurait \u00eatre engag\u00e9e pour des faits dus \u00e0 un cas de force majeure, les pannes et les probl\u00e8mes d\u2019ordre technique concernant le mat\u00e9riel, les programmes et logiciels ou le r\u00e9seau Internet pouvant le cas \u00e9ch\u00e9ant entra\u00eener la suspension ou la cessation du Site.<\/span><span class=\"s1\"><br \/>\n<\/span><span class=\"s7\">Par ailleurs, I-Ener d\u00e9cline toute responsabilit\u00e9 en cas de mauvaise utilisation de l\u2019ordinateur ou d\u2019incident li\u00e9 \u00e0 l\u2019utilisation de l\u2019ordinateur lors de l\u2019utilisation du Site et plus particuli\u00e8rement, I-Ener ne saurait \u00eatre tenue responsable de tout dommage, de quelque nature que ce soit, caus\u00e9 \u00e0 tout utilisateur, \u00e0 ses \u00e9quipements informatiques et aux donn\u00e9es qui y sont stock\u00e9es et aux cons\u00e9quences pouvant en d\u00e9couler sur son activit\u00e9 personnelle, professionnelle ou commerciale.<\/span><\/p>\n<p class=\"p3\" style=\"text-align: justify;\"><span class=\"s7\"><b>2 Contenu du Site<\/b><\/span><span class=\"s1\"><br \/>\n<\/span><span class=\"s7\">I-Ener s\u2019efforce d\u2019assurer au mieux de ses possibilit\u00e9s l\u2019exactitude et la mise \u00e0 jour des informations diffus\u00e9es sur le Site, dont elle se r\u00e9serve le droit de corriger, \u00e0 tout moment et sans pr\u00e9avis, le contenu.<\/span><span class=\"s1\"><br \/>\n<\/span><span class=\"s7\">Cependant, I-Ener ne peut garantir l\u2019exactitude, la pr\u00e9cision et l\u2019exhaustivit\u00e9 des informations mises \u00e0 disposition sur le Site.<\/span><span class=\"s1\"><br \/>\n<\/span><span class=\"s7\">En cons\u00e9quence, la responsabilit\u00e9 de I-Ener ne saurait \u00eatre engag\u00e9e :<\/span><span class=\"s1\"><br \/>\n<\/span><span class=\"s7\">\u2013 pour toute impr\u00e9cision, inexactitude ou omission portant sur des informations disponibles sur le Site,<\/span><span class=\"s1\"><br \/>\n<\/span><span class=\"s7\">\u2013 pour tous dommages r\u00e9sultant d\u2019une intrusion d\u2019un tiers ayant entra\u00een\u00e9 une modification des informations mises \u00e0 disposition sur le Site,<\/span><span class=\"s1\"><br \/>\n<\/span><span class=\"s7\">\u2013 et plus g\u00e9n\u00e9ralement, pour tous dommages, directs ou indirects, quelles qu\u2019en soient les causes, origines, natures et cons\u00e9quences, provoqu\u00e9s \u00e0 raison de l\u2019utilisation du Site et\/ou du cr\u00e9dit accord\u00e9 \u00e0 une quelconque information provenant directement ou indirectement de ce dernier.<\/span><\/p>\n<p class=\"p1\" style=\"text-align: justify;\"><span class=\"s1\"><b>UTILISATION DES DONN\u00c9ES<\/b><\/span><\/p>\n<p class=\"p3\" style=\"text-align: justify;\"><span class=\"s7\">Certaines informations \u00e0 caract\u00e8re personnel sont collect\u00e9es sur ce Site. Par Information \u00e0 caract\u00e8re personnel, on entend \u00bb les informations qui permettent, sous quelque forme que ce soit, directement ou non, l\u2019identification des personnes physiques auxquelles elles s\u2019appliquent \u00bb.<\/span><span class=\"s1\"><br \/>\n<\/span><span class=\"s7\">La collecte et le traitement des donn\u00e9es \u00e0 caract\u00e8re personnel de l\u2019utilisateur se font dans le respect de la loi fran\u00e7aise (loi n\u00b0 78-17 du 6 janvier 1978 modifi\u00e9e par la loi du 6 ao\u00fbt 2004) et des directives europ\u00e9ennes sur la protection des donn\u00e9es personnelles (Dir 2002\/58 12 Juillet 2002 et Directive 95\/46 du 24 Octobre 1995).<\/span><span class=\"s1\"><br \/>\n<\/span><span class=\"s7\">En vertu de la loi fran\u00e7aise, l\u2019utilisateur b\u00e9n\u00e9ficie d\u2019un droit d\u2019acc\u00e8s, de rectification ou d\u2019opposition sur les donn\u00e9es \u00e0 caract\u00e8re personnel collect\u00e9es qui le concernent.<\/span><span class=\"s1\"><br \/>\n<\/span><span class=\"s7\">Ces droits peuvent \u00eatre exerc\u00e9s, en choisissant la rubrique Contact du Site ou en envoyant un courrier \u00e9lectronique adress\u00e9 \u00e0 : info@i-ener.eus<\/span><\/p>\n<p class=\"p1\" style=\"text-align: justify;\"><span class=\"s1\">Aucune information \u00e0 caract\u00e8re personnel concernant l\u2019utilisateur n\u2019est c\u00e9d\u00e9e \u00e0 des tiers ou utilis\u00e9e \u00e0 des fins non pr\u00e9vues. Elles pourront n\u00e9anmoins \u00eatre utilis\u00e9es pour des traitements \u00e0 des fins de statistiques anonymes.<\/span><\/p>\n<p class=\"p1\" style=\"text-align: justify;\"><span class=\"s1\"><b>HYPERLIENS<\/b><\/span><\/p>\n<p class=\"p3\" style=\"text-align: justify;\"><span class=\"s7\">Le Site peut contenir des liens hypertextes allant vers d\u2019autres sites. Si l\u2019utilisateur visite l\u2019un de ces sites auxquels le pr\u00e9sent Site renvoie, I-Ener invite l\u2019utilisateur \u00e0 prendre connaissance de sa politique, notamment en mati\u00e8re de protection des donn\u00e9es \u00e0 caract\u00e8re personnel.<\/span><span class=\"s1\"><br \/>\n<\/span><span class=\"s7\">I-Ener ne prend aucun engagement concernant tout autre site auquel les utilisateurs du Site pourraient avoir acc\u00e8s via le Site et I-Ener ne serait en aucune fa\u00e7on \u00eatre responsable du contenu, fonctionnement et de l\u2019acc\u00e8s \u00e0 ces sites, ni des politiques ni des pratiques d\u2019autres soci\u00e9t\u00e9s.<\/span><span class=\"s1\"><br \/>\n<\/span><span class=\"s7\">Toute cr\u00e9ation d\u2019un lien hypertexte profond ou non vers le Site est soumise \u00e0 l\u2019approbation pr\u00e9alable de I-Ener.<\/span><\/p>\n<p class=\"p1\" style=\"text-align: justify;\"><span class=\"s1\"><b>COOKIES<\/b><\/span><\/p>\n<p class=\"p3\" style=\"text-align: justify;\"><span class=\"s7\">Le Site implante deux types de cookie dans l\u2019ordinateur de l\u2019utilisateur.<\/span><span class=\"s1\"><br \/>\n<\/span><span class=\"s7\"><b>1 Cookie stockant des informations fournies par la personne concern\u00e9e<\/b><\/span><span class=\"s1\"><br \/>\n<\/span><span class=\"s7\">Ce cookie enregistre des informations relatives \u00e0 la navigation de l\u2019utilisateur sur le Site et stocke des informations que l\u2019utilisateur a saisi durant sa visite (nom et adresse \u00e9lectronique). Ainsi, l\u2019utilisateur n\u2019aura pas besoin, lors de sa prochaine visite de les saisir \u00e0 nouveau. I-Ener pourra les consulter lors des prochaines visites de l\u2019utilisateur.<\/span><span class=\"s1\"><br \/>\n<\/span><span class=\"s7\"><b>2 Cookie stockant des informations relatives \u00e0 la navigation de l\u2019utilisateur<\/b><\/span><span class=\"s1\"><br \/>\n<\/span><span class=\"s7\">En outre, ce Site utilise Google Analytics, un service d\u2019analyse de site internet fourni par Google Inc. (ci-apr\u00e8s d\u00e9nomm\u00e9 \u00ab Google \u00bb). Google Analytics utilise des cookies pour aider I-Ener \u00e0 analyser l\u2019utilisation du Site par ses utilisateurs. Les donn\u00e9es g\u00e9n\u00e9r\u00e9es par les cookies concernant l\u2019utilisation du Site par l\u2019utilisateur (y compris son adresse IP) seront transmises et stock\u00e9es par Google sur des serveurs situ\u00e9s aux Etats-Unis. Google utilisera ces informations dans le but d\u2019\u00e9valuer l\u2019utilisation du Site par l\u2019utilisateur, de compiler des rapports sur l\u2019activit\u00e9 du Site \u00e0 destination de I-Ener et de fournir d\u2019autres services relatifs \u00e0 l\u2019activit\u00e9 du Site et \u00e0 l\u2019utilisation d\u2019Internet.<\/span><span class=\"s1\"><br \/>\n<\/span><span class=\"s7\">Google est susceptible de communiquer ces donn\u00e9es \u00e0 des tiers en cas d\u2019obligation l\u00e9gale ou lorsque ces tiers traitent ces donn\u00e9es pour le compte de Google, y compris notamment I-Ener, l\u2019\u00e9diteur de ce Site. Google ne recoupera pas l\u2019adresse IP de l\u2019utilisateur avec toute autre donn\u00e9e d\u00e9tenue par Google.<\/span><span class=\"s1\"><br \/>\n<\/span><span class=\"s7\">En utilisant ce Site l\u2019utilisateur consent express\u00e9ment au traitement de ses donn\u00e9es \u00e0 caract\u00e8re personnel par Google dans les conditions et pour les finalit\u00e9s d\u00e9crites ci-dessus. La dur\u00e9e de conservation de ces informations dans l\u2019ordinateur de l\u2019utilisateur est de deux semaines.<\/span><span class=\"s1\"><br \/>\n<\/span><span class=\"s7\">Nous informons l\u2019utilisateur qu\u2019il peut d\u00e9sactiver l\u2019utilisation de cookies en s\u00e9lectionnant les param\u00e8tres appropri\u00e9s de son navigateur. Cependant, une telle d\u00e9sactivation pourrait emp\u00eacher l\u2019utilisation de certaines fonctionnalit\u00e9s de ce Site.<\/span><\/p>\n<p class=\"p1\" style=\"text-align: justify;\"><span class=\"s1\"><b>DROIT APPLICABLE<\/b><\/span><\/p>\n<p class=\"p3\" style=\"text-align: justify;\"><span class=\"s7\">Le pr\u00e9sent Site est soumis au droit fran\u00e7ais. L\u2019ensemble de son contenu, ses offres, ses services sont r\u00e9gis par la r\u00e9glementation fran\u00e7aise en vigueur.<\/span><span class=\"s1\"><br \/>\n<\/span><span class=\"s7\">Toute interpr\u00e9tation, contestation ou revendication concernant ce Site sera de la comp\u00e9tence des Tribunaux fran\u00e7ais.<\/span><span class=\"s1\"><br \/>\n<\/span><span class=\"s7\">Si une disposition de ces CGU devait \u00eatre tenue pour non valide ou d\u00e9clar\u00e9e comme telle en application d\u2019une loi, d\u2019un r\u00e8glement ou \u00e0 la suite d\u2019une d\u00e9cision d\u00e9finitive d\u2019une juridiction comp\u00e9tente les autres dispositions resteront n\u00e9anmoins en vigueur.<\/span><\/p>\n<p class=\"p1\" style=\"text-align: justify;\"><span class=\"s1\"><b>MODIFICATION DES CGU<\/b><\/span><\/p>\n<p class=\"p5\" style=\"text-align: justify;\"><span class=\"s7\">I-Ener se r\u00e9serve le droit, \u00e0 sa seule discr\u00e9tion de changer, modifier, ajouter ou supprimer tout ou partie de ces CGU et ce quelque soit le moment.<\/span><span class=\"s1\"><br \/>\n<\/span><span class=\"s7\">Il est de la responsabilit\u00e9 de l\u2019utilisateur de consulter les CGU du Site r\u00e9guli\u00e8rement.<\/span><\/p>\n<p>[\/vc_column_text][\/vc_column][\/vc_row]<\/p>\n","protected":false},"excerpt":{"rendered":"<p>[vc_row full_width=&#8221;stretch_row&#8221; css=&#8221;.vc_custom_1543935925273{margin-top: 30px !important;margin-bottom: 0px !important;padding-top: 60px !important;padding-bottom: 20px !important;background-color: #222327 !important;}&#8221;][vc_column offset=&#8221;vc_col-lg-offset-1 vc_col-lg-10&#8243;][vc_column_text css_animation=&#8221;fadeInUp&#8221;] Les pr\u00e9sentes conditions g\u00e9n\u00e9rales d\u2019utilisation (ci-apr\u00e8s d\u00e9nomm\u00e9es les \u00ab CGU \u00bb) s\u2019appliquent au site&#8230;<\/p>\n","protected":false},"author":1,"featured_media":0,"parent":0,"menu_order":0,"comment_status":"closed","ping_status":"closed","template":"","meta":{"_monsterinsights_skip_tracking":false,"_monsterinsights_sitenote_active":false,"_monsterinsights_sitenote_note":"","_monsterinsights_sitenote_category":0,"footnotes":""},"_links":{"self":[{"href":"https:\/\/i-ener.eus\/eu\/wp-json\/wp\/v2\/pages\/7605"}],"collection":[{"href":"https:\/\/i-ener.eus\/eu\/wp-json\/wp\/v2\/pages"}],"about":[{"href":"https:\/\/i-ener.eus\/eu\/wp-json\/wp\/v2\/types\/page"}],"author":[{"embeddable":true,"href":"https:\/\/i-ener.eus\/eu\/wp-json\/wp\/v2\/users\/1"}],"replies":[{"embeddable":true,"href":"https:\/\/i-ener.eus\/eu\/wp-json\/wp\/v2\/comments?post=7605"}],"version-history":[{"count":1,"href":"https:\/\/i-ener.eus\/eu\/wp-json\/wp\/v2\/pages\/7605\/revisions"}],"predecessor-version":[{"id":9179,"href":"https:\/\/i-ener.eus\/eu\/wp-json\/wp\/v2\/pages\/7605\/revisions\/9179"}],"wp:attachment":[{"href":"https:\/\/i-ener.eus\/eu\/wp-json\/wp\/v2\/media?parent=7605"}],"curies":[{"name":"wp","href":"https:\/\/api.w.org\/{rel}","templated":true}]}}