{"id":7160,"date":"2018-12-04T10:41:01","date_gmt":"2018-12-04T10:41:01","guid":{"rendered":"https:\/\/i-ener.eus\/i-ener-la-societe\/"},"modified":"2024-06-12T09:51:24","modified_gmt":"2024-06-12T09:51:24","slug":"i-ener-enpresa","status":"publish","type":"page","link":"https:\/\/i-ener.eus\/eu\/i-ener-enpresa\/","title":{"rendered":"ENPRESA"},"content":{"rendered":"<p>[vc_row full_width=&#8221;stretch_row&#8221; css=&#8221;.vc_custom_1543935925273{margin-top: 30px !important;margin-bottom: 0px !important;padding-top: 60px !important;padding-bottom: 20px !important;background-color: #222327 !important;}&#8221;][vc_column offset=&#8221;vc_col-lg-offset-1 vc_col-lg-10&#8243;][vc_column_text css_animation=&#8221;fadeInUp&#8221;]<\/p>\n<h6 style=\"text-align: center; color: #ec6303; font-size: 16px; font-weight: 400;\">Nor gira<\/h6>\n<p>[\/vc_column_text][vc_empty_space height=&#8221;20px&#8221;][vc_column_text css_animation=&#8221;fadeInUp&#8221;]<\/p>\n<h2 style=\"text-align: center; color: #fff;\">2014ko urrian sortua, I-ENER SAS herritarren energia ekoizpena bultzatzen duen sozietate bat da. Energia berriztagarriak garatuz, Euskal Herrian energiaren berreskuratze herritarra bilatzen du.<\/h2>\n<p>[\/vc_column_text][vc_column_text css_animation=&#8221;fadeInUp&#8221;]<\/p>\n<p style=\"font-size: 18px; text-align: center;\">I-ENER sozietate handietarik independentea da, interes orokorreko desmartxa batean ekiten duena.<\/p>\n<p>[\/vc_column_text][\/vc_column][\/vc_row][vc_row full_width=&#8221;stretch_row&#8221; css=&#8221;.vc_custom_1543932422285{margin-bottom: 0px !important;padding-bottom: 90px !important;background-color: #222327 !important;}&#8221;][vc_column width=&#8221;1\/2&#8243; offset=&#8221;vc_col-md-3&#8243;][vc_column_text css_animation=&#8221;fadeInUp&#8221;]<\/p>\n<h6 style=\"font-size: 80px; color: #eeeeee; line-height: 80px; text-align: left; letter-spacing: 0;\">01.<\/h6>\n<p>[\/vc_column_text][vc_column_text css_animation=&#8221;fadeInUp&#8221; css=&#8221;.vc_custom_1544524374654{margin-bottom: 15px !important;}&#8221;]<\/p>\n<h5><span style=\"color: #ec6303;\">Herritarra<\/span><\/h5>\n<p>[\/vc_column_text][vc_column_text css_animation=&#8221;fadeInUp&#8221;]I-ENER sozietate herritar bat da, gehiengoan Euskal Herriko herritarren esku.[\/vc_column_text][\/vc_column][vc_column width=&#8221;1\/2&#8243; offset=&#8221;vc_col-md-3&#8243;][vc_column_text css_animation=&#8221;fadeInUp&#8221;]<\/p>\n<h6 style=\"font-size: 80px; color: #eeeeee; line-height: 80px; text-align: left; letter-spacing: 0;\">02.<\/h6>\n<p>[\/vc_column_text][vc_column_text css_animation=&#8221;fadeInUp&#8221; css=&#8221;.vc_custom_1544524397277{margin-bottom: 15px !important;}&#8221;]<\/p>\n<h5><span style=\"color: #ec6303;\"> Inbestitzailea <\/span><\/h5>\n<p>[\/vc_column_text][vc_column_text css_animation=&#8221;fadeInUp&#8221;]Energia berriztagarrien inguruko proiektuak gauzatzeko beharrezko kapitala biltzen du I-ENER-ek.[\/vc_column_text][\/vc_column][vc_column width=&#8221;1\/2&#8243; offset=&#8221;vc_col-md-3&#8243;][vc_column_text css_animation=&#8221;fadeInUp&#8221;]<\/p>\n<h6 style=\"font-size: 80px; color: #eeeeee; line-height: 80px; text-align: left; letter-spacing: 0;\">03.<\/h6>\n<p>[\/vc_column_text][vc_column_text css_animation=&#8221;fadeInUp&#8221; css=&#8221;.vc_custom_1544524419180{margin-bottom: 15px !important;}&#8221;]<\/p>\n<h5><span style=\"color: #ec6303;\"> Berriztagarria <\/span><\/h5>\n<p>[\/vc_column_text][vc_column_text css_animation=&#8221;fadeInUp&#8221;]Ingurumena errespetatzeko arrangurarekin, I-ENER-ek energia berriztagarrietan baizik ez du inbestitzen[\/vc_column_text][\/vc_column][vc_column width=&#8221;1\/2&#8243; offset=&#8221;vc_col-md-3&#8243;][vc_column_text css_animation=&#8221;fadeInUp&#8221;]<\/p>\n<h6 style=\"font-size: 80px; color: #eeeeee; line-height: 80px; text-align: left; letter-spacing: 0;\">04.<\/h6>\n<p>[\/vc_column_text][vc_column_text css_animation=&#8221;fadeInUp&#8221; css=&#8221;.vc_custom_1544524433817{margin-bottom: 15px !important;}&#8221;]<\/p>\n<h5><span style=\"color: #ec6303;\"> Lurraldekoa <\/span><\/h5>\n<p>[\/vc_column_text][vc_column_text css_animation=&#8221;fadeInUp&#8221;]<\/p>\n<div class=\"et_pb_section et_pb_section_0 et_section_regular\">\n<div class=\"et_pb_row et_pb_row_1 eds-on-scroll eds-scroll-visible animated bounceInLeft et_pb_row_4col\">\n<div class=\"et_pb_column et_pb_column_1_4 et_pb_column_4 et_pb_css_mix_blend_mode_passthrough\">\n<div class=\"et_pb_module et_pb_blurb et_pb_blurb_3 et_pb_bg_layout_light et_pb_text_align_center et_pb_blurb_position_top\">\n<div class=\"et_pb_blurb_content\">\n<div class=\"et_pb_blurb_container\">\n<div class=\"et_pb_blurb_description\">\n<p>I-ENER-ek Euskal Herrian baizik ez du inbestitzen.<\/p>\n<\/div>\n<\/div>\n<\/div>\n<\/div>\n<\/div>\n<\/div>\n<\/div>\n<p>[\/vc_column_text][\/vc_column][\/vc_row][vc_row full_width=&#8221;stretch_row&#8221; gap=&#8221;30&#8243; equal_height=&#8221;yes&#8221; content_placement=&#8221;top&#8221; css=&#8221;.vc_custom_1543933282273{padding-top: 50px !important;padding-bottom: 30px !important;}&#8221;][vc_column width=&#8221;1\/3&#8243; css=&#8221;.vc_custom_1543934204425{padding-top: 0px !important;}&#8221;][vc_column_text css_animation=&#8221;bottom-to-top&#8221;]<\/p>\n<h2 style=\"text-align: right;\">Gure gobernantza<br \/>\neredua<\/h2>\n<p>[\/vc_column_text][vc_separator align=&#8221;align_right&#8221; border_width=&#8221;4&#8243; el_width=&#8221;20&#8243;]<div class=\" ubtn-ctn-right \"><a class=\"ubtn-link ult-adjust-bottom-margin ubtn-right ubtn-normal \" href=\"https:\/\/i-ener.eus\/wp-content\/uploads\/2023\/05\/I-ENER_statuts-mis-a-jour-26-09-20.pdf\" target=\"_blank\" rel=\"noopener\" ><button type=\"button\" id=\"ubtn-6230\"  class=\"ubtn ult-adjust-bottom-margin ult-responsive ubtn-normal ubtn-no-hover-bg  none  ubtn-right   tooltip-69e1ec2232911\"  data-hover=\"\" data-border-color=\"\" data-bg=\"#e0e0e0\" data-hover-bg=\"\" data-border-hover=\"\" data-shadow-hover=\"\" data-shadow-click=\"none\" data-shadow=\"\" data-shd-shadow=\"\"  data-ultimate-target='#ubtn-6230'  data-responsive-json-new='{\"font-size\":\"\",\"line-height\":\"\"}'  style=\"font-weight:normal;border:none;background: #e0e0e0;color: #000000;\"><span class=\"ubtn-hover\" style=\"background-color:\"><\/span><span class=\"ubtn-data ubtn-text \" >GURE ESTATUTUAK<\/span><\/button><\/a><\/div>[\/vc_column][vc_column width=&#8221;2\/3&#8243; css=&#8221;.vc_custom_1543934213218{padding-top: 0px !important;}&#8221;][vc_column_text css_animation=&#8221;bottom-to-top&#8221;]I-ENER-ek Soci\u00e9t\u00e9 par Actions Simplifi\u00e9e \u00e0 capital variable estatusa hautatu du.[\/vc_column_text][vc_column_text css_animation=&#8221;bottom-to-top&#8221;]<\/p>\n<h5 style=\"color: #34dca2; font-weight: 400; line-height: 1.4;\"><span style=\"color: #ec6303;\">Zuzendaritzarako talde batzordearen kideak:<\/span><\/h5>\n<p>[\/vc_column_text][vc_column_text css_animation=&#8221;bottom-to-top&#8221;]Jean Bessouet, Freddy Biscary, Nicolas Duvallet, Mathieu Iriart, St\u00e9phane Kreckelbergh, Iban Lizarralde, B\u00e9n\u00e9dicte Martin, Ma\u00ebl Rampillon, Mikel Sainte-Marie eta Marie-Annick Jaury.[\/vc_column_text][\/vc_column][\/vc_row][vc_row full_width=&#8221;stretch_row_content&#8221; gap=&#8221;30&#8243; equal_height=&#8221;yes&#8221; content_placement=&#8221;middle&#8221; css=&#8221;.vc_custom_1543940280449{margin-bottom: 0px !important;border-right-width: 15px !important;border-left-width: 15px !important;border-left-color: #ffffff !important;border-left-style: solid !important;border-right-color: #ffffff !important;border-right-style: solid !important;}&#8221;][vc_column width=&#8221;1\/3&#8243; css=&#8221;.vc_custom_1543935315137{padding-top: 40px !important;padding-right: 40px !important;padding-bottom: 40px !important;padding-left: 40px !important;background-color: #f7f7f7 !important;}&#8221; offset=&#8221;vc_col-lg-4 vc_col-md-5&#8243;][vc_column_text css_animation=&#8221;bottom-to-top&#8221;]<\/p>\n<h4>Biltzar nagusian bozka eskubidea<\/h4>\n<p>[\/vc_column_text][vc_column_text css_animation=&#8221;bottom-to-top&#8221;]<\/p>\n<div class=\"et_pb_column et_pb_column_1_3 et_pb_column_1 et_pb_css_mix_blend_mode_passthrough\">\n<div class=\"et_pb_module et_pb_text et_pb_text_1 et_pb_bg_layout_light et_pb_text_align_justified\">\n<div class=\"et_pb_text_inner\">\n<p style=\"text-align: justify;\">Akziodun orok erabaki kolektiboetan parte hartzeko eta bozkatzeko eskubidea du. Pertsonalki edo ordezkari baten bitartez egin dezake, edo distantziarekin, korrespondentziaz edo manera elektronikoan. I-ENER SAS-en lege eta estatutuek aurreikusi baldintzetan egingo du. Daukan akzio kopurua edozein izanik ere bozka eskubidea ukango du, biltzarraren egunean edo idatzizko kontsulta baten lortzeko dokumentuen bidaltze egunean, kasuan kasu, bere kapitalaren tituluak bere izenean jarriak baldin badira.<\/p>\n<\/div>\n<\/div>\n<\/div>\n<div class=\"et_pb_column et_pb_column_1_3 et_pb_column_2 et_pb_css_mix_blend_mode_passthrough\" style=\"text-align: justify;\"><\/div>\n<p>[\/vc_column_text][vc_separator color=&#8221;custom&#8221; align=&#8221;align_left&#8221; border_width=&#8221;2&#8243; el_width=&#8221;30&#8243; accent_color=&#8221;#ec6303&#8243;][\/vc_column][vc_column width=&#8221;1\/3&#8243; css=&#8221;.vc_custom_1544524931727{padding-top: 250px !important;padding-bottom: 250px !important;background-image: url(https:\/\/i-ener.eus\/wp-content\/uploads\/2018\/12\/BOZKA-IENER.png?id=7218) !important;background-position: center !important;background-repeat: no-repeat !important;background-size: cover !important;}&#8221; offset=&#8221;vc_col-lg-4 vc_col-md-4&#8243;][\/vc_column][vc_column width=&#8221;1\/3&#8243; css=&#8221;.vc_custom_1543935304850{padding-top: 40px !important;padding-right: 40px !important;padding-bottom: 40px !important;padding-left: 40px !important;background-color: #f7f7f7 !important;}&#8221;][vc_column_text css_animation=&#8221;bottom-to-top&#8221;]<\/p>\n<h4>Zuzendaritzarako talde batzordea<\/h4>\n<p>[\/vc_column_text][vc_column_text css_animation=&#8221;bottom-to-top&#8221;]<\/p>\n<div class=\"et_pb_row et_pb_row_1\">\n<div class=\"et_pb_column et_pb_column_1_3 et_pb_column_3 et_pb_css_mix_blend_mode_passthrough\">\n<div class=\"et_pb_module et_pb_text et_pb_text_2 et_pb_bg_layout_light et_pb_text_align_justified\">\n<div class=\"et_pb_text_inner\">\n<p style=\"text-align: justify;\">Zuzendaritzarako talde batzorde batek eta lehendakari batek gobernatzen dute sozietatea. Sozietatearen kide asoziatuak dira biak.<br \/>\nZuzendaritzarako talde batzordea gutxienez 8 pertsonek eta gehienez 12 pertsonek osatzen dute. Batzordeko kideen artean aukeratzen da lehendakaria.<br \/>\nAkziodun orok zuzendaritza batzorderako bere hautagaitza aurkez dezake, hauteskunde denboran. Hauteskundeak sei urtero iragaten dira (dimisio kasuan izan ezik).<\/p>\n<\/div>\n<\/div>\n<\/div>\n<\/div>\n<p>[\/vc_column_text][vc_separator color=&#8221;custom&#8221; align=&#8221;align_left&#8221; border_width=&#8221;2&#8243; el_width=&#8221;30&#8243; accent_color=&#8221;#ec6303&#8243;][\/vc_column][\/vc_row][vc_row full_width=&#8221;stretch_row_content&#8221; gap=&#8221;30&#8243; equal_height=&#8221;yes&#8221; content_placement=&#8221;middle&#8221; css=&#8221;.vc_custom_1543936356307{margin-bottom: 0px !important;border-right-width: 15px !important;border-left-width: 15px !important;border-left-color: #ffffff !important;border-left-style: solid !important;border-right-color: #ffffff !important;border-right-style: solid !important;}&#8221;][vc_column width=&#8221;1\/3&#8243; css=&#8221;.vc_custom_1543935315137{padding-top: 40px !important;padding-right: 40px !important;padding-bottom: 40px !important;padding-left: 40px !important;background-color: #f7f7f7 !important;}&#8221; offset=&#8221;vc_col-lg-4 vc_col-md-5&#8243;][vc_column_text css_animation=&#8221;fadeInUp&#8221;]<\/p>\n<h6 style=\"color: #ec6303; font-size: 16px;\">Gure akziodunak<\/h6>\n<p>[\/vc_column_text][vc_column_text css_animation=&#8221;fadeInUp&#8221; css=&#8221;.vc_custom_1544524813949{margin-bottom: 20px !important;}&#8221;]<\/p>\n<h4 style=\"color: #222;\">Akziodunen elkartasun aurrezkiari esker bizi da I-ENER. Horien arteko gehiengoa pertsonak izanki, elkarte eta enpresa batzu ere kondatzen ditugu gure akziodunetan.<\/h4>\n<p>[\/vc_column_text][\/vc_column][vc_column width=&#8221;2\/3&#8243; css=&#8221;.vc_custom_1543940235458{padding-top: 50px !important;padding-bottom: 50px !important;background-image: url(https:\/\/i-ener.eus\/wp-content\/uploads\/2018\/12\/I-ENER-temoignages.jpg?id=7024) !important;background-position: center !important;background-repeat: no-repeat !important;background-size: cover !important;}&#8221;]<div id=\"ult-carousel-166644868069e1ec22329ff\" class=\"ult-carousel-wrapper  vc_custom_1543934264074  ult_horizontal\" data-gutter=\"15\" data-rtl=\"false\" ><div class=\"ult-carousel-102568141869e1ec22329a5 \" ><div class=\"ult-item-wrap\" data-animation=\"animated no-animation\"><div class=\"ult-content-box-container \" >\t\t<div class=\"ult-content-box\" style=\"background-color:#ffffff;box-shadow: px px px px rgb(247, 247, 247) none;border-style:solid;border-width:30px;border-color:#ffffff;-webkit-transition: all 700ms ease;-moz-transition: all 700ms ease;-ms-transition: all 700ms ease;-o-transition: all 700ms ease;transition: all 700ms ease;\"  data-hover_box_shadow=\"none\"     data-bg=\"#ffffff\"  data-border_color=\"#ffffff\" >[vc_single_image image=&#8221;7005&#8243; img_size=&#8221;110&#215;110&#8243; alignment=&#8221;center&#8221; style=&#8221;vc_box_circle&#8221; css_animation=&#8221;bottom-to-top&#8221;][vc_empty_space height=&#8221;40px&#8221;][vc_column_text css_animation=&#8221;bottom-to-top&#8221; css=&#8221;.vc_custom_1544525059075{margin-bottom: 25px !important;}&#8221;]<a href=\"https:\/\/i-ener.eus\/pantxoa-bimboire\/\" target=\"_blank\" rel=\"noopener\">&#8220;Egia errateko, biziki urrundik baizik ez nuen ezagutzen mugimendu hau, baina aurkezpena eta gero, senditu dut lagundu behar zela Euskal Herriko beste alor baten ikertzeko eta lantzeko : energiarena. Frantziako energia modeloa zentralizatua da, ondorioz Euskal Herritik urrun dago&#8230;..&#8221;<\/a>[\/vc_column_text][vc_empty_space height=&#8221;30px&#8221;][vc_column_text css_animation=&#8221;bottom-to-top&#8221; css=&#8221;.vc_custom_1543938697387{margin-bottom: 0px !important;}&#8221;]<\/p>\n<p style=\"text-align: center;\"><span style=\"font-size: 10px; color: #8f8f8f; text-transform: uppercase; letter-spacing: 0.05em;\"><span style=\"color: #282828;\"><b>PANTXOA BIMBOIRE<\/b><\/span><\/span><\/p>\n<p>[\/vc_column_text]\t\t<\/div><\/div><\/div><div class=\"ult-item-wrap\" data-animation=\"animated no-animation\"><div class=\"ult-content-box-container \" >\t\t<div class=\"ult-content-box\" style=\"background-color:#ffffff;box-shadow: px px px px rgb(247, 247, 247) none;border-style:solid;border-width:30px;border-color:#ffffff;-webkit-transition: all 700ms ease;-moz-transition: all 700ms ease;-ms-transition: all 700ms ease;-o-transition: all 700ms ease;transition: all 700ms ease;\"  data-hover_box_shadow=\"none\"     data-bg=\"#ffffff\"  data-border_color=\"#ffffff\" >[vc_single_image image=&#8221;7878&#8243; img_size=&#8221;110&#215;110&#8243; alignment=&#8221;center&#8221; style=&#8221;vc_box_circle&#8221; css_animation=&#8221;bottom-to-top&#8221;][vc_empty_space height=&#8221;40px&#8221;][vc_column_text css_animation=&#8221;bottom-to-top&#8221; css=&#8221;.vc_custom_1612345315792{margin-bottom: 25px !important;}&#8221;]<span style=\"color: #ff6600;\">\u00ab\u00a0Gure iduriko ingurumenarekiko dugun inpaktua ttipitzeko tokiko ekonomiaren garatzea ezinbestekoa da. COCORECO-ko taldekideok I-ENER eta ENARGIArekin elkartzea hautatu dugu Euskal Herriaren garapen iraunkor bat bultzatzeko.\u00a0\u00bb<\/span>[\/vc_column_text][vc_empty_space height=&#8221;30px&#8221;][vc_column_text css_animation=&#8221;bottom-to-top&#8221; css=&#8221;.vc_custom_1612345250986{margin-bottom: 0px !important;}&#8221;]<\/p>\n<p style=\"text-align: center;\"><span style=\"font-size: 10px; color: #8f8f8f; text-transform: uppercase; letter-spacing: 0.05em;\"><span style=\"color: #282828;\"><b>COCORECO<\/b><\/span><\/span><\/p>\n<p>[\/vc_column_text]\t\t<\/div><\/div><\/div><div class=\"ult-item-wrap\" data-animation=\"animated no-animation\"><div class=\"ult-content-box-container \" >\t\t<div class=\"ult-content-box\" style=\"background-color:#ffffff;box-shadow: px px px px rgb(247, 247, 247) none;border-style:solid;border-width:30px;border-color:#ffffff;-webkit-transition: all 700ms ease;-moz-transition: all 700ms ease;-ms-transition: all 700ms ease;-o-transition: all 700ms ease;transition: all 700ms ease;\"  data-hover_box_shadow=\"none\"     data-bg=\"#ffffff\"  data-border_color=\"#ffffff\" >[vc_single_image image=&#8221;7008&#8243; img_size=&#8221;110&#215;110&#8243; alignment=&#8221;center&#8221; style=&#8221;vc_box_circle&#8221; css_animation=&#8221;bottom-to-top&#8221;][vc_empty_space height=&#8221;40px&#8221;][vc_column_text css_animation=&#8221;bottom-to-top&#8221; css=&#8221;.vc_custom_1544525080022{margin-bottom: 25px !important;}&#8221;]<a href=\"https:\/\/i-ener.eus\/bixente-lucu\/\" target=\"_blank\" rel=\"noopener\">&#8220;I-ENER ezagutu dut kasetetan, interneten, baita irratian. Proiektuari berehala interesatu naiz, energiaren arloa gutti jorratua baita ipar Euskal herrian. Proiektu iraunkorra, lokala eta herritarra da, Ipar Euskal Herriaren burujabetza energetikorako bidean azkarki parte hartuko duena&#8230;..&#8221;<\/a>[\/vc_column_text][vc_empty_space height=&#8221;30px&#8221;][vc_column_text css_animation=&#8221;bottom-to-top&#8221; css=&#8221;.vc_custom_1543938799765{margin-bottom: 0px !important;}&#8221;]<\/p>\n<p style=\"text-align: center;\"><span style=\"font-size: 10px; color: #8f8f8f; text-transform: uppercase; letter-spacing: 0.05em;\"><span style=\"color: #282828;\"><b>BIXENTE LUCU<\/b><\/span><\/span><\/p>\n<p>[\/vc_column_text]\t\t<\/div><\/div><\/div><div class=\"ult-item-wrap\" data-animation=\"animated no-animation\"><div class=\"ult-content-box-container \" >\t\t<div class=\"ult-content-box\" style=\"background-color:#ffffff;box-shadow: px px px px rgb(247, 247, 247) none;border-style:solid;border-width:30px;border-color:#ffffff;-webkit-transition: all 700ms ease;-moz-transition: all 700ms ease;-ms-transition: all 700ms ease;-o-transition: all 700ms ease;transition: all 700ms ease;\"  data-hover_box_shadow=\"none\"     data-bg=\"#ffffff\"  data-border_color=\"#ffffff\" >[vc_single_image image=&#8221;7015&#8243; img_size=&#8221;110&#215;110&#8243; alignment=&#8221;center&#8221; style=&#8221;vc_box_circle&#8221; css_animation=&#8221;bottom-to-top&#8221;][vc_empty_space height=&#8221;40px&#8221;][vc_column_text css_animation=&#8221;bottom-to-top&#8221; css=&#8221;.vc_custom_1544525150254{margin-bottom: 25px !important;}&#8221;]<a href=\"https:\/\/i-ener.eus\/jean-roch-guiresse\/\" target=\"_blank\" rel=\"noopener\">&#8220;Hurbileko lankideek aipatu zidaten azken hunen abiatzeaz: Iban Lizarralde, St\u00e9phane Kreckelberg, Patxi Elissalde\u2026 bai eta ere ESTIA eskolan pasa ziren ingeniore batzuek: Patrick Astruc\u2026 Patxi Bergara ezagutu nuen ere Herrikoan<\/a><a href=\"https:\/\/i-ener.eus\/jean-roch-guiresse\/\" target=\"_blank\" rel=\"noopener\"> &#8230;.&#8221;<\/a>[\/vc_column_text][vc_empty_space height=&#8221;30px&#8221;][vc_column_text css_animation=&#8221;bottom-to-top&#8221; css=&#8221;.vc_custom_1543939370378{margin-bottom: 0px !important;}&#8221;]<\/p>\n<p style=\"text-align: center;\"><span style=\"font-size: 10px; color: #8f8f8f; text-transform: uppercase; letter-spacing: 0.05em;\"><span style=\"color: #282828;\"><b>JEAN ROCH GUIRESSE<\/b><\/span><\/span><\/p>\n<p>[\/vc_column_text]\t\t<\/div><\/div><\/div><div class=\"ult-item-wrap\" data-animation=\"animated no-animation\"><div class=\"ult-content-box-container \" >\t\t<div class=\"ult-content-box\" style=\"background-color:#ffffff;box-shadow: px px px px rgb(247, 247, 247) none;border-style:solid;border-width:30px;border-color:#ffffff;-webkit-transition: all 700ms ease;-moz-transition: all 700ms ease;-ms-transition: all 700ms ease;-o-transition: all 700ms ease;transition: all 700ms ease;\"  data-hover_box_shadow=\"none\"     data-bg=\"#ffffff\"  data-border_color=\"#ffffff\" >[vc_single_image image=&#8221;7020&#8243; img_size=&#8221;110&#215;110&#8243; alignment=&#8221;center&#8221; style=&#8221;vc_box_circle&#8221; css_animation=&#8221;bottom-to-top&#8221;][vc_empty_space height=&#8221;40px&#8221;][vc_column_text css_animation=&#8221;bottom-to-top&#8221; css=&#8221;.vc_custom_1544525183826{margin-bottom: 25px !important;}&#8221;]<a href=\"https:\/\/i-ener.eus\/maylis-iriart\/\" target=\"_blank\" rel=\"noopener\">&#8220;Funtsezkoa iruditzen zait eredu sozio-ekonomiko berrien sortzea eta arlo guztietan ekonomia birtokiratzea. Bihar elikadura edo energia ezegonkortasunean ez egoteko, gaur diogu erronka horri aurre egin behar. Euskal herritarra izanki, uste dut Euskal herria eskala egokia dela proiektu iraunkorren garatzeko &#8230;.&#8221;<\/a>[\/vc_column_text][vc_empty_space height=&#8221;30px&#8221;][vc_column_text css_animation=&#8221;bottom-to-top&#8221; css=&#8221;.vc_custom_1543939448903{margin-bottom: 0px !important;}&#8221;]<\/p>\n<p style=\"text-align: center;\"><span style=\"font-size: 10px; color: #8f8f8f; text-transform: uppercase; letter-spacing: 0.05em;\"><span style=\"color: #282828;\"><b>MAYLIS IRIART<\/b><\/span><\/span><\/p>\n<p>[\/vc_column_text]\t\t<\/div><\/div><\/div><\/div><\/div>\t\t\t<script type=\"text\/javascript\">\r\n\t\t\t\tjQuery(document).ready(function ($) {\r\n\t\t\t\t\tif( typeof jQuery('.ult-carousel-102568141869e1ec22329a5').slick == \"function\"){\r\n\t\t\t\t\t\t$('.ult-carousel-102568141869e1ec22329a5').slick({dots: false,autoplay: true,autoplaySpeed: 5000,speed: 600,infinite: true,arrows: true,nextArrow: '<button type=\"button\" role=\"button\" aria-label=\"Next\" style=\"color:#555555; font-size:20px;\" class=\"slick-next default\"><i class=\"ultsl-arrow-right4\"><\/i><\/button>',prevArrow: '<button type=\"button\" role=\"button\" aria-label=\"Previous\" style=\"color:#555555; font-size:20px;\" class=\"slick-prev default\"><i class=\"ultsl-arrow-left4\"><\/i><\/button>',slidesToScroll:1,slidesToShow:2,swipe: true,draggable: true,touchMove: true,pauseOnHover: true,pauseOnFocus: false,adaptiveHeight: true,responsive: [\r\n\t\t\t\t\t\t\t{\r\n\t\t\t\t\t\t\t  breakpoint: 1026,\r\n\t\t\t\t\t\t\t  settings: {\r\n\t\t\t\t\t\t\t\tslidesToShow: 2,\r\n\t\t\t\t\t\t\t\tslidesToScroll: 1,  \r\n\t\t\t\t\t\t\t  }\r\n\t\t\t\t\t\t\t},\r\n\t\t\t\t\t\t\t{\r\n\t\t\t\t\t\t\t  breakpoint: 1025,\r\n\t\t\t\t\t\t\t  settings: {\r\n\t\t\t\t\t\t\t\tslidesToShow: 1,\r\n\t\t\t\t\t\t\t\tslidesToScroll: 1\r\n\t\t\t\t\t\t\t  }\r\n\t\t\t\t\t\t\t},\r\n\t\t\t\t\t\t\t{\r\n\t\t\t\t\t\t\t  breakpoint: 760,\r\n\t\t\t\t\t\t\t  settings: {\r\n\t\t\t\t\t\t\t\tslidesToShow: 1,\r\n\t\t\t\t\t\t\t\tslidesToScroll: 1\r\n\t\t\t\t\t\t\t  }\r\n\t\t\t\t\t\t\t}\r\n\t\t\t\t\t\t],pauseOnDotsHover: true,customPaging: function(slider, i) {\r\n                   return '<i type=\"button\" style= \"color:#333333;\" class=\"ultsl-record\" data-role=\"none\"><\/i>';\r\n                },});\r\n\t\t\t\t\t}\r\n\t\t\t\t});\r\n\t\t\t<\/script>\r\n\t\t\t[\/vc_column][\/vc_row]<\/p>\n","protected":false},"excerpt":{"rendered":"<p>[vc_row full_width=&#8221;stretch_row&#8221; css=&#8221;.vc_custom_1543935925273{margin-top: 30px !important;margin-bottom: 0px !important;padding-top: 60px !important;padding-bottom: 20px !important;background-color: #222327 !important;}&#8221;][vc_column offset=&#8221;vc_col-lg-offset-1 vc_col-lg-10&#8243;][vc_column_text css_animation=&#8221;fadeInUp&#8221;] Nor gira [\/vc_column_text][vc_empty_space height=&#8221;20px&#8221;][vc_column_text css_animation=&#8221;fadeInUp&#8221;] 2014ko urrian sortua, I-ENER SAS herritarren energia ekoizpena bultzatzen&#8230;<\/p>\n","protected":false},"author":1,"featured_media":8949,"parent":0,"menu_order":0,"comment_status":"closed","ping_status":"closed","template":"","meta":{"_monsterinsights_skip_tracking":false,"_monsterinsights_sitenote_active":false,"_monsterinsights_sitenote_note":"","_monsterinsights_sitenote_category":0,"footnotes":""},"_links":{"self":[{"href":"https:\/\/i-ener.eus\/eu\/wp-json\/wp\/v2\/pages\/7160"}],"collection":[{"href":"https:\/\/i-ener.eus\/eu\/wp-json\/wp\/v2\/pages"}],"about":[{"href":"https:\/\/i-ener.eus\/eu\/wp-json\/wp\/v2\/types\/page"}],"author":[{"embeddable":true,"href":"https:\/\/i-ener.eus\/eu\/wp-json\/wp\/v2\/users\/1"}],"replies":[{"embeddable":true,"href":"https:\/\/i-ener.eus\/eu\/wp-json\/wp\/v2\/comments?post=7160"}],"version-history":[{"count":1,"href":"https:\/\/i-ener.eus\/eu\/wp-json\/wp\/v2\/pages\/7160\/revisions"}],"predecessor-version":[{"id":8840,"href":"https:\/\/i-ener.eus\/eu\/wp-json\/wp\/v2\/pages\/7160\/revisions\/8840"}],"wp:featuredmedia":[{"embeddable":true,"href":"https:\/\/i-ener.eus\/eu\/wp-json\/wp\/v2\/media\/8949"}],"wp:attachment":[{"href":"https:\/\/i-ener.eus\/eu\/wp-json\/wp\/v2\/media?parent=7160"}],"curies":[{"name":"wp","href":"https:\/\/api.w.org\/{rel}","templated":true}]}}